{"id":15803,"date":"2022-11-01T15:01:27","date_gmt":"2022-11-01T14:01:27","guid":{"rendered":"http:\/\/www.ace.aretis.ch\/ueber-uns\/unsere-mission-und-vision-copy\/"},"modified":"2025-04-11T10:36:38","modified_gmt":"2025-04-11T08:36:38","slug":"ueber-ace-swiss","status":"publish","type":"page","link":"https:\/\/www.aceswiss.ch\/it\/ueber-uns\/ueber-ace-swiss\/","title":{"rendered":"Informazioni su ACE SWISS"},"content":{"rendered":"<style>.elementor-15803 .elementor-element.elementor-element-7a79be84:not(.elementor-motion-effects-element-type-background), .elementor-15803 .elementor-element.elementor-element-7a79be84 > .elementor-motion-effects-container > .elementor-motion-effects-layer{background-color:#FBF5EB;}.elementor-15803 .elementor-element.elementor-element-7a79be84 > .elementor-background-overlay{background-image:url(\"https:\/\/www.aceswiss.ch\/wp-content\/uploads\/bg-soft.jpg\");background-position:center center;background-repeat:repeat;opacity:0.28;transition:background 0.3s, border-radius 0.3s, opacity 0.3s;}.elementor-15803 .elementor-element.elementor-element-7a79be84{transition:background 0.3s, border 0.3s, border-radius 0.3s, box-shadow 0.3s;padding:80px 0px 0100px 0px;}.elementor-15803 .elementor-element.elementor-element-2708d572{text-align:center;}.elementor-15803 .elementor-element.elementor-element-2708d572 .elementor-heading-title{font-size:51px;color:var( --e-global-color-primary );}.elementor-15803 .elementor-element.elementor-element-2708d572 > .elementor-widget-container{margin:0px 0px 0px 0px;padding:0px 0px 0px 0px;}.elementor-15803 .elementor-element.elementor-element-699c7a9{--divider-border-style:solid;--divider-color:var( --e-global-color-primary );--divider-border-width:2px;}.elementor-15803 .elementor-element.elementor-element-699c7a9 .elementor-divider-separator{width:20%;margin:0 auto;margin-center:0;}.elementor-15803 .elementor-element.elementor-element-699c7a9 .elementor-divider{text-align:center;padding-block-start:24px;padding-block-end:24px;}.elementor-15803 .elementor-element.elementor-element-51b1b36{padding:55px 0px 0px 0px;}.elementor-15803 .elementor-element.elementor-element-6e05509 > .elementor-element-populated{padding:0px 17px 0px 0px;}.elementor-15803 .elementor-element.elementor-element-b6274fc .elementor-icon-wrapper{text-align:start;}.elementor-15803 .elementor-element.elementor-element-b6274fc.elementor-view-stacked .elementor-icon{background-color:var( --e-global-color-secondary );}.elementor-15803 .elementor-element.elementor-element-b6274fc.elementor-view-framed .elementor-icon, .elementor-15803 .elementor-element.elementor-element-b6274fc.elementor-view-default .elementor-icon{color:var( --e-global-color-secondary );border-color:var( --e-global-color-secondary );}.elementor-15803 .elementor-element.elementor-element-b6274fc.elementor-view-framed .elementor-icon, .elementor-15803 .elementor-element.elementor-element-b6274fc.elementor-view-default .elementor-icon svg{fill:var( --e-global-color-secondary );}.elementor-15803 .elementor-element.elementor-element-a8693a7{text-align:start;}.elementor-15803 .elementor-element.elementor-element-a8693a7 .elementor-heading-title{color:var( --e-global-color-text );}.elementor-15803 .elementor-element.elementor-element-a9cdb3d{text-align:start;}.elementor-15803 .elementor-element.elementor-element-a9cdb3d .elementor-heading-title{font-size:47px;line-height:50px;color:var( --e-global-color-primary );}.elementor-15803 .elementor-element.elementor-element-a9cdb3d > .elementor-widget-container{padding:0px 0px 11px 0px;}.elementor-15803 .elementor-element.elementor-element-77a40c0 .elementor-button{fill:var( --e-global-color-primary );color:var( --e-global-color-primary );background-color:var( --e-global-color-secondary );border-radius:0px 0px 0px 0px;}.elementor-15803 .elementor-element.elementor-element-77a40c0 .elementor-button:hover, .elementor-15803 .elementor-element.elementor-element-77a40c0 .elementor-button:focus{color:var( --e-global-color-b2674e8 );background-color:var( --e-global-color-primary );}.elementor-15803 .elementor-element.elementor-element-77a40c0 .elementor-button:hover svg, .elementor-15803 .elementor-element.elementor-element-77a40c0 .elementor-button:focus svg{fill:var( --e-global-color-b2674e8 );}.elementor-15803 .elementor-element.elementor-element-bb5a53c > .elementor-element-populated{padding:0px 0px 0px 14px;}.elementor-15803 .elementor-element.elementor-element-6e7fc8b{line-height:25px;color:var( --e-global-color-text );}.elementor-15803 .elementor-element.elementor-element-173c3461{line-height:25px;}.elementor-15803 .elementor-element.elementor-element-df23da9:not(.elementor-motion-effects-element-type-background), .elementor-15803 .elementor-element.elementor-element-df23da9 > .elementor-motion-effects-container > .elementor-motion-effects-layer{background-image:url(\"https:\/\/www.aceswiss.ch\/wp-content\/uploads\/hg-scaled.jpg\");}.elementor-15803 .elementor-element.elementor-element-df23da9{transition:background 0.3s, border 0.3s, border-radius 0.3s, box-shadow 0.3s;padding:100px 0px 100px 0px;}.elementor-15803 .elementor-element.elementor-element-df23da9 > .elementor-background-overlay{transition:background 0.3s, border-radius 0.3s, opacity 0.3s;}.elementor-15803 .elementor-element.elementor-element-df23da9 > .elementor-shape-bottom svg{width:calc(172% + 1.3px);height:230px;}.elementor-15803 .elementor-element.elementor-element-6590a0e > .elementor-container{max-width:878px;}.elementor-15803 .elementor-element.elementor-element-6590a0e{box-shadow:0px 5px 20px 0px rgba(0, 0, 0, 0.1);transition:background 0.3s, border 0.3s, border-radius 0.3s, box-shadow 0.3s;margin-top:18px;margin-bottom:0px;}.elementor-15803 .elementor-element.elementor-element-6590a0e > .elementor-background-overlay{transition:background 0.3s, border-radius 0.3s, opacity 0.3s;}.elementor-15803 .elementor-element.elementor-element-a1f6047 .elementor-cta__content{text-align:center;background-color:var( --e-global-color-b2674e8 );}.elementor-15803 .elementor-element.elementor-element-a1f6047 .elementor-view-stacked .elementor-icon{background-color:var( --e-global-color-secondary );}.elementor-15803 .elementor-element.elementor-element-a1f6047 .elementor-view-stacked .elementor-icon svg{stroke:var( --e-global-color-secondary );}.elementor-15803 .elementor-element.elementor-element-a1f6047 .elementor-view-framed .elementor-icon, .elementor-15803 .elementor-element.elementor-element-a1f6047 .elementor-view-default .elementor-icon{color:var( --e-global-color-secondary );border-color:var( --e-global-color-secondary );}.elementor-15803 .elementor-element.elementor-element-a1f6047 .elementor-view-framed .elementor-icon, .elementor-15803 .elementor-element.elementor-element-a1f6047 .elementor-view-default .elementor-icon svg{fill:var( --e-global-color-secondary );}.elementor-15803 .elementor-element.elementor-element-a1f6047 .elementor-cta__title{font-size:28px;color:var( --e-global-color-primary );}.elementor-15803 .elementor-element.elementor-element-a1f6047 .elementor-cta__description{color:var( --e-global-color-text );}.elementor-15803 .elementor-element.elementor-element-a1f6047 .elementor-cta__button{color:var( --e-global-color-primary );border-color:var( --e-global-color-primary );}.elementor-15803 .elementor-element.elementor-element-a1f6047 .elementor-cta__button:hover{color:var( --e-global-color-primary );background-color:var( --e-global-color-secondary );border-color:var( --e-global-color-primary );}.elementor-15803 .elementor-element.elementor-element-a1f6047 .elementor-cta .elementor-cta__bg, .elementor-15803 .elementor-element.elementor-element-a1f6047 .elementor-cta .elementor-cta__bg-overlay{transition-duration:1500ms;}.elementor-15803 .elementor-element.elementor-element-471a8ee > .elementor-container{max-width:1223px;}.elementor-15803 .elementor-element.elementor-element-471a8ee{padding:80px 0px 80px 0px;}:root{--page-title-display:none;}@media(max-width:1024px){.elementor-15803 .elementor-element.elementor-element-5c5cb27d > .elementor-element-populated{padding:20px 20px 20px 20px;}.elementor-15803 .elementor-element.elementor-element-bb5a53c > .elementor-element-populated{padding:31px 0px 0px 0px;}}@media(max-width:767px){.elementor-15803 .elementor-element.elementor-element-2708d572 .elementor-heading-title{font-size:38px;}.elementor-15803 .elementor-element.elementor-element-a9cdb3d .elementor-heading-title{font-size:38px;}}@media(min-width:768px){.elementor-15803 .elementor-element.elementor-element-6e05509{width:40.802%;}.elementor-15803 .elementor-element.elementor-element-bb5a53c{width:59.198%;}}@media(max-width:1024px) and (min-width:768px){.elementor-15803 .elementor-element.elementor-element-6e05509{width:100%;}.elementor-15803 .elementor-element.elementor-element-bb5a53c{width:100%;}}<\/style>\t\t<div data-elementor-type=\"wp-page\" data-elementor-id=\"15803\" class=\"elementor elementor-15803\" data-elementor-post-type=\"page\">\n\t\t\t\t\t\t<section class=\"elementor-section elementor-top-section elementor-element elementor-element-7a79be84 elementor-section-boxed elementor-section-height-default elementor-section-height-default\" data-id=\"7a79be84\" data-element_type=\"section\" data-e-type=\"section\" data-settings=\"{&quot;background_background&quot;:&quot;classic&quot;}\">\n\t\t\t\t\t\t\t<div class=\"elementor-background-overlay\"><\/div>\n\t\t\t\t\t\t\t<div class=\"elementor-container elementor-column-gap-default\">\n\t\t\t\t\t<div class=\"elementor-column elementor-col-100 elementor-top-column elementor-element elementor-element-5c5cb27d\" data-id=\"5c5cb27d\" data-element_type=\"column\" data-e-type=\"column\">\n\t\t\t<div class=\"elementor-widget-wrap elementor-element-populated\">\n\t\t\t\t\t\t<div class=\"elementor-element elementor-element-2708d572 elementor-widget elementor-widget-heading\" data-id=\"2708d572\" data-element_type=\"widget\" data-e-type=\"widget\" data-widget_type=\"heading.default\">\n\t\t\t\t<div class=\"elementor-widget-container\">\n\t\t\t\t\t<h1 class=\"elementor-heading-title elementor-size-default\">Il Gruppo ACE SWISS<\/h1>\t\t\t\t<\/div>\n\t\t\t\t<\/div>\n\t\t\t\t<div class=\"elementor-element elementor-element-699c7a9 elementor-widget-divider--view-line elementor-widget elementor-widget-divider\" data-id=\"699c7a9\" data-element_type=\"widget\" data-e-type=\"widget\" data-widget_type=\"divider.default\">\n\t\t\t\t<div class=\"elementor-widget-container\">\n\t\t\t\t\t\t\t<div class=\"elementor-divider\">\n\t\t\t<span class=\"elementor-divider-separator\">\n\t\t\t\t\t\t<\/span>\n\t\t<\/div>\n\t\t\t\t\t\t<\/div>\n\t\t\t\t<\/div>\n\t\t\t\t<section class=\"elementor-section elementor-inner-section elementor-element elementor-element-51b1b36 elementor-section-boxed elementor-section-height-default elementor-section-height-default\" data-id=\"51b1b36\" data-element_type=\"section\" data-e-type=\"section\">\n\t\t\t\t\t\t<div class=\"elementor-container elementor-column-gap-default\">\n\t\t\t\t\t<div class=\"elementor-column elementor-col-50 elementor-inner-column elementor-element elementor-element-6e05509\" data-id=\"6e05509\" data-element_type=\"column\" data-e-type=\"column\" data-settings=\"{&quot;animation&quot;:&quot;none&quot;}\">\n\t\t\t<div class=\"elementor-widget-wrap elementor-element-populated\">\n\t\t\t\t\t\t<div class=\"elementor-element elementor-element-b6274fc elementor-view-default elementor-widget elementor-widget-icon\" data-id=\"b6274fc\" data-element_type=\"widget\" data-e-type=\"widget\" data-widget_type=\"icon.default\">\n\t\t\t\t<div class=\"elementor-widget-container\">\n\t\t\t\t\t\t\t<div class=\"elementor-icon-wrapper\">\n\t\t\t<div class=\"elementor-icon\">\n\t\t\t<i aria-hidden=\"true\" class=\"jki jki-target-2-light\"><\/i>\t\t\t<\/div>\n\t\t<\/div>\n\t\t\t\t\t\t<\/div>\n\t\t\t\t<\/div>\n\t\t\t\t<div class=\"elementor-element elementor-element-a8693a7 elementor-widget elementor-widget-heading\" data-id=\"a8693a7\" data-element_type=\"widget\" data-e-type=\"widget\" data-widget_type=\"heading.default\">\n\t\t\t\t<div class=\"elementor-widget-container\">\n\t\t\t\t\t<h5 class=\"elementor-heading-title elementor-size-default\">Core business<\/h5>\t\t\t\t<\/div>\n\t\t\t\t<\/div>\n\t\t\t\t<div class=\"elementor-element elementor-element-a9cdb3d elementor-widget elementor-widget-heading\" data-id=\"a9cdb3d\" data-element_type=\"widget\" data-e-type=\"widget\" data-widget_type=\"heading.default\">\n\t\t\t\t<div class=\"elementor-widget-container\">\n\t\t\t\t\t<h2 class=\"elementor-heading-title elementor-size-default\">Partecipazioni ai casin\u00f2 svizzeri<\/h2>\t\t\t\t<\/div>\n\t\t\t\t<\/div>\n\t\t\t\t<div class=\"elementor-element elementor-element-77a40c0 elementor-align-left elementor-invisible elementor-widget elementor-widget-button\" data-id=\"77a40c0\" data-element_type=\"widget\" data-e-type=\"widget\" data-settings=\"{&quot;_animation&quot;:&quot;zoomIn&quot;}\" data-widget_type=\"button.default\">\n\t\t\t\t<div class=\"elementor-widget-container\">\n\t\t\t\t\t\t\t\t\t<div class=\"elementor-button-wrapper\">\n\t\t\t\t\t<a class=\"elementor-button elementor-button-link elementor-size-md\" href=\"https:\/\/www.aceswiss.ch\/it\/informationen\/fragen-antworten\/\">\n\t\t\t\t\t\t<span class=\"elementor-button-content-wrapper\">\n\t\t\t\t\t\t\t\t\t<span class=\"elementor-button-text\">Domande e risposte<\/span>\n\t\t\t\t\t<\/span>\n\t\t\t\t\t<\/a>\n\t\t\t\t<\/div>\n\t\t\t\t\t\t\t\t<\/div>\n\t\t\t\t<\/div>\n\t\t\t\t\t<\/div>\n\t\t<\/div>\n\t\t\t\t<div class=\"elementor-column elementor-col-50 elementor-inner-column elementor-element elementor-element-bb5a53c\" data-id=\"bb5a53c\" data-element_type=\"column\" data-e-type=\"column\">\n\t\t\t<div class=\"elementor-widget-wrap elementor-element-populated\">\n\t\t\t\t\t\t<div class=\"elementor-element elementor-element-6e7fc8b elementor-widget elementor-widget-text-editor\" data-id=\"6e7fc8b\" data-element_type=\"widget\" data-e-type=\"widget\" data-widget_type=\"text-editor.default\">\n\t\t\t\t<div class=\"elementor-widget-container\">\n\t\t\t\t\t\t\t\t\t<p>ACE SWISS Holding AG (definito \u201cACE SWISS Group\" unitamente alle sue partecipazioni) \u00e8 un operatore di mercato di lunga data e detiene una quota azionaria del 100% nel Casin\u00f2 ADMIRAL di Mendrisio. Il gruppo possiede, inoltre una partecipazione di minoranza nel Gruppo Stadtcasino Baden (4,95%).<\/p>\t\t\t\t\t\t\t\t<\/div>\n\t\t\t\t<\/div>\n\t\t\t\t<div class=\"elementor-element elementor-element-173c3461 elementor-widget elementor-widget-text-editor\" data-id=\"173c3461\" data-element_type=\"widget\" data-e-type=\"widget\" data-widget_type=\"text-editor.default\">\n\t\t\t\t<div class=\"elementor-widget-container\">\n\t\t\t\t\t\t\t\t\t<p>Facente parte di un gruppo internazionale con radici austriache, ACE SWISS Group opera esclusivamente in Svizzera da oltre 20 anni ed \u00e8 quindi fortemente radicato sul territorio. Il gruppo \u00e8 anche licenziatario del marchio ADMIRAL, noto a livello internazionale, attraverso la propria consociata NOVOMATIC AG.<\/p>\t\t\t\t\t\t\t\t<\/div>\n\t\t\t\t<\/div>\n\t\t\t\t\t<\/div>\n\t\t<\/div>\n\t\t\t\t\t<\/div>\n\t\t<\/section>\n\t\t\t\t\t<\/div>\n\t\t<\/div>\n\t\t\t\t\t<\/div>\n\t\t<\/section>\n\t\t\t\t<section class=\"elementor-section elementor-top-section elementor-element elementor-element-df23da9 elementor-section-boxed elementor-section-height-default elementor-section-height-default\" data-id=\"df23da9\" data-element_type=\"section\" data-e-type=\"section\" data-settings=\"{&quot;background_background&quot;:&quot;classic&quot;,&quot;shape_divider_bottom&quot;:&quot;curve&quot;,&quot;shape_divider_bottom_negative&quot;:&quot;yes&quot;}\">\n\t\t\t\t\t<div class=\"elementor-shape elementor-shape-bottom\" aria-hidden=\"true\" data-negative=\"true\">\n\t\t\t<svg xmlns=\"http:\/\/www.w3.org\/2000\/svg\" viewbox=\"0 0 1000 100\" preserveaspectratio=\"none\">\n\t<path class=\"elementor-shape-fill\" d=\"M500,97C126.7,96.3,0.8,19.8,0,0v100l1000,0V1C1000,19.4,873.3,97.8,500,97z\"\/>\n<\/svg>\t\t<\/div>\n\t\t\t\t\t<div class=\"elementor-container elementor-column-gap-default\">\n\t\t\t\t\t<div class=\"elementor-column elementor-col-100 elementor-top-column elementor-element elementor-element-f01ce76\" data-id=\"f01ce76\" data-element_type=\"column\" data-e-type=\"column\">\n\t\t\t<div class=\"elementor-widget-wrap elementor-element-populated\">\n\t\t\t\t\t\t<section class=\"elementor-section elementor-inner-section elementor-element elementor-element-6590a0e animated-slow elementor-section-boxed elementor-section-height-default elementor-section-height-default elementor-invisible\" data-id=\"6590a0e\" data-element_type=\"section\" data-e-type=\"section\" data-settings=\"{&quot;background_background&quot;:&quot;classic&quot;,&quot;animation&quot;:&quot;fadeIn&quot;,&quot;animation_delay&quot;:200}\">\n\t\t\t\t\t\t<div class=\"elementor-container elementor-column-gap-default\">\n\t\t\t\t\t<div class=\"elementor-column elementor-col-100 elementor-inner-column elementor-element elementor-element-fb78ec8\" data-id=\"fb78ec8\" data-element_type=\"column\" data-e-type=\"column\">\n\t\t\t<div class=\"elementor-widget-wrap elementor-element-populated\">\n\t\t\t\t\t\t<div class=\"elementor-element elementor-element-a1f6047 elementor-cta--skin-classic elementor-animated-content elementor-bg-transform elementor-bg-transform-zoom-in elementor-widget elementor-widget-call-to-action\" data-id=\"a1f6047\" data-element_type=\"widget\" data-e-type=\"widget\" data-widget_type=\"call-to-action.default\">\n\t\t\t\t<div class=\"elementor-widget-container\">\n\t\t\t\t\t\t\t<div class=\"elementor-cta\">\n\t\t\t\t\t\t\t<div class=\"elementor-cta__content\">\n\t\t\t\t\t\t\t\t\t<div class=\"elementor-content-item elementor-cta__content-item elementor-icon-wrapper elementor-cta__icon elementor-view-default\">\n\t\t\t\t\t\t<div class=\"elementor-icon\">\n\t\t\t\t\t\t\t<i aria-hidden=\"true\" class=\"far fa-newspaper\"><\/i>\t\t\t\t\t\t<\/div>\n\t\t\t\t\t<\/div>\n\t\t\t\t\n\t\t\t\t\t\t\t\t\t<h2 class=\"elementor-cta__title elementor-cta__content-item elementor-content-item\">\n\t\t\t\t\t\tLa struttura del gruppo\t\t\t\t\t<\/h2>\n\t\t\t\t\n\t\t\t\t\t\t\t\t\t<div class=\"elementor-cta__description elementor-cta__content-item elementor-content-item\">\n\t\t\t\t\t\tIl 100% del Gruppo ACE SWISS \u00e8 di propriet\u00e0 di NOVUM SWISS AG, di cui Johann Graf detiene a sua volta il 100% delle azioni. L'attivit\u00e0 principale del Gruppo NOVUM SWISS si concentra sull'industria del gioco e dell'intrattenimento. Il Gruppo comprende NOVUM SWISS AG come societ\u00e0 di gestione e holding e le sue controllate, ACE SWISS Holding AG (investimenti in casin\u00f2 svizzeri), Gryphon Invest AG (investimenti internazionali in casin\u00f2, tecnologia e immobili) e ACE Invest AG (immobili svizzeri) con la sua controllata ACE Green Energy AG (energie sostenibili).\t\t\t\t\t<\/div>\n\t\t\t\t\n\t\t\t\t\t\t\t\t\t<div class=\"elementor-cta__button-wrapper elementor-cta__content-item elementor-content-item\">\n\t\t\t\t\t<a class=\"elementor-cta__button elementor-button elementor-size-\">\n\t\t\t\t\t\tContatti\t\t\t\t\t<\/a>\n\t\t\t\t\t<\/div>\n\t\t\t\t\t\t\t<\/div>\n\t\t\t\t\t\t<\/div>\n\t\t\t\t\t\t<\/div>\n\t\t\t\t<\/div>\n\t\t\t\t\t<\/div>\n\t\t<\/div>\n\t\t\t\t\t<\/div>\n\t\t<\/section>\n\t\t\t\t\t<\/div>\n\t\t<\/div>\n\t\t\t\t\t<\/div>\n\t\t<\/section>\n\t\t\t\t<section class=\"elementor-section elementor-top-section elementor-element elementor-element-471a8ee elementor-section-boxed elementor-section-height-default elementor-section-height-default\" data-id=\"471a8ee\" data-element_type=\"section\" data-e-type=\"section\">\n\t\t\t\t\t\t<div class=\"elementor-container elementor-column-gap-default\">\n\t\t\t\t\t<div class=\"elementor-column elementor-col-100 elementor-top-column elementor-element elementor-element-57681c2\" data-id=\"57681c2\" data-element_type=\"column\" data-e-type=\"column\">\n\t\t\t<div class=\"elementor-widget-wrap elementor-element-populated\">\n\t\t\t\t\t\t<div class=\"elementor-element elementor-element-924ee7a elementor-widget elementor-widget-image\" data-id=\"924ee7a\" data-element_type=\"widget\" data-e-type=\"widget\" data-widget_type=\"image.default\">\n\t\t\t\t<div class=\"elementor-widget-container\">\n\t\t\t\t\t\t\t\t\t\t\t\t\t\t\t<img fetchpriority=\"high\" decoding=\"async\" width=\"2207\" height=\"2560\" src=\"https:\/\/www.aceswiss.ch\/wp-content\/uploads\/AceSwiss-Beteiligungen11-04-2025_1.jpg\" class=\"attachment-full size-full wp-image-17043\" alt=\"\" srcset=\"https:\/\/www.aceswiss.ch\/wp-content\/uploads\/AceSwiss-Beteiligungen11-04-2025_1.jpg 2207w, https:\/\/www.aceswiss.ch\/wp-content\/uploads\/AceSwiss-Beteiligungen11-04-2025_1-259x300.jpg 259w, https:\/\/www.aceswiss.ch\/wp-content\/uploads\/AceSwiss-Beteiligungen11-04-2025_1-888x1030.jpg 888w, https:\/\/www.aceswiss.ch\/wp-content\/uploads\/AceSwiss-Beteiligungen11-04-2025_1-768x891.jpg 768w, https:\/\/www.aceswiss.ch\/wp-content\/uploads\/AceSwiss-Beteiligungen11-04-2025_1-1324x1536.jpg 1324w, https:\/\/www.aceswiss.ch\/wp-content\/uploads\/AceSwiss-Beteiligungen11-04-2025_1-1766x2048.jpg 1766w, https:\/\/www.aceswiss.ch\/wp-content\/uploads\/AceSwiss-Beteiligungen11-04-2025_1-10x12.jpg 10w\" sizes=\"(max-width: 2207px) 100vw, 2207px\" \/>\t\t\t\t\t\t\t\t\t\t\t\t\t\t\t<\/div>\n\t\t\t\t<\/div>\n\t\t\t\t\t<\/div>\n\t\t<\/div>\n\t\t\t\t\t<\/div>\n\t\t<\/section>\n\t\t\t\t<\/div>","protected":false},"excerpt":{"rendered":"<p>\u00dcber die ACE SWISS Gruppe Kerngesch\u00e4ft Schweizer Casino Beteiligungen Fragen &#038; Antworten Die ACE SWISS Holding AG (gemeinsam mit ihren Beteiligungen die \u00abACE SWISS Gruppe\u00bb) ist ein langj\u00e4hriger Marktteilnehmer und mit 100% am ADMIRAL Standort in Mendrisio beteiligt. Zudem h\u00e4lt die Gruppe einen Minderheitsanteil an der Stadtcasino Baden Gruppe (4.95%). Als Teil eines internationalen Konzerns [&hellip;]<\/p>\n","protected":false},"author":1,"featured_media":0,"parent":14863,"menu_order":0,"comment_status":"closed","ping_status":"closed","template":"","meta":{"_seopress_robots_primary_cat":"","_seopress_titles_title":"","_seopress_titles_desc":"","_seopress_robots_index":"","_themeisle_gutenberg_block_has_review":false,"footnotes":""},"folder":[],"class_list":["post-15803","page","type-page","status-publish","hentry"],"_links":{"self":[{"href":"https:\/\/www.aceswiss.ch\/it\/wp-json\/wp\/v2\/pages\/15803","targetHints":{"allow":["GET"]}}],"collection":[{"href":"https:\/\/www.aceswiss.ch\/it\/wp-json\/wp\/v2\/pages"}],"about":[{"href":"https:\/\/www.aceswiss.ch\/it\/wp-json\/wp\/v2\/types\/page"}],"author":[{"embeddable":true,"href":"https:\/\/www.aceswiss.ch\/it\/wp-json\/wp\/v2\/users\/1"}],"replies":[{"embeddable":true,"href":"https:\/\/www.aceswiss.ch\/it\/wp-json\/wp\/v2\/comments?post=15803"}],"version-history":[{"count":10,"href":"https:\/\/www.aceswiss.ch\/it\/wp-json\/wp\/v2\/pages\/15803\/revisions"}],"predecessor-version":[{"id":17047,"href":"https:\/\/www.aceswiss.ch\/it\/wp-json\/wp\/v2\/pages\/15803\/revisions\/17047"}],"up":[{"embeddable":true,"href":"https:\/\/www.aceswiss.ch\/it\/wp-json\/wp\/v2\/pages\/14863"}],"wp:attachment":[{"href":"https:\/\/www.aceswiss.ch\/it\/wp-json\/wp\/v2\/media?parent=15803"}],"wp:term":[{"taxonomy":"folder","embeddable":true,"href":"https:\/\/www.aceswiss.ch\/it\/wp-json\/wp\/v2\/folder?post=15803"}],"curies":[{"name":"wp","href":"https:\/\/api.w.org\/{rel}","templated":true}]}}