{"id":14884,"date":"2022-09-19T14:11:37","date_gmt":"2022-09-19T12:11:37","guid":{"rendered":"http:\/\/www.ace.aretis.ch\/?page_id=14884"},"modified":"2022-12-20T14:33:28","modified_gmt":"2022-12-20T13:33:28","slug":"unsere-mission-und-vision","status":"publish","type":"page","link":"https:\/\/www.aceswiss.ch\/it\/ueber-uns\/unsere-mission-und-vision\/","title":{"rendered":"Mission e Vision"},"content":{"rendered":"<style>.elementor-14884 .elementor-element.elementor-element-d8646d3:not(.elementor-motion-effects-element-type-background), .elementor-14884 .elementor-element.elementor-element-d8646d3 > .elementor-motion-effects-container > .elementor-motion-effects-layer{background-color:#FBF5EB;}.elementor-14884 .elementor-element.elementor-element-d8646d3 > .elementor-background-overlay{background-image:url(\"https:\/\/www.aceswiss.ch\/wp-content\/uploads\/bg-soft.jpg\");background-position:center center;background-repeat:repeat;opacity:0.28;transition:background 0.3s, border-radius 0.3s, opacity 0.3s;}.elementor-14884 .elementor-element.elementor-element-d8646d3{transition:background 0.3s, border 0.3s, border-radius 0.3s, box-shadow 0.3s;padding:80px 0px 60px 0px;}.elementor-14884 .elementor-element.elementor-element-2708d572{text-align:center;}.elementor-14884 .elementor-element.elementor-element-2708d572 .elementor-heading-title{font-size:51px;color:var( --e-global-color-primary );}.elementor-14884 .elementor-element.elementor-element-2708d572 > .elementor-widget-container{margin:0px 0px 0px 0px;padding:0px 0px 0px 0px;}.elementor-14884 .elementor-element.elementor-element-ebbc4b2{--divider-border-style:solid;--divider-color:var( --e-global-color-primary );--divider-border-width:2px;}.elementor-14884 .elementor-element.elementor-element-ebbc4b2 .elementor-divider-separator{width:20%;margin:0 auto;margin-center:0;}.elementor-14884 .elementor-element.elementor-element-ebbc4b2 .elementor-divider{text-align:center;padding-block-start:24px;padding-block-end:24px;}.elementor-14884 .elementor-element.elementor-element-7a79be84 > .elementor-background-overlay{background-image:url(\"https:\/\/www.aceswiss.ch\/wp-content\/uploads\/bg-soft.jpg\");background-position:center center;background-repeat:repeat;opacity:0.28;}.elementor-14884 .elementor-element.elementor-element-7a79be84{padding:60px 0px 0100px 0px;}.elementor-14884 .elementor-element.elementor-element-51b1b36{padding:55px 0px 0px 0px;}.elementor-14884 .elementor-element.elementor-element-6e05509 > .elementor-element-populated{padding:0px 17px 0px 0px;}.elementor-14884 .elementor-element.elementor-element-b6274fc .elementor-icon-wrapper{text-align:start;}.elementor-14884 .elementor-element.elementor-element-b6274fc.elementor-view-stacked .elementor-icon{background-color:var( --e-global-color-secondary );}.elementor-14884 .elementor-element.elementor-element-b6274fc.elementor-view-framed .elementor-icon, .elementor-14884 .elementor-element.elementor-element-b6274fc.elementor-view-default .elementor-icon{color:var( --e-global-color-secondary );border-color:var( --e-global-color-secondary );}.elementor-14884 .elementor-element.elementor-element-b6274fc.elementor-view-framed .elementor-icon, .elementor-14884 .elementor-element.elementor-element-b6274fc.elementor-view-default .elementor-icon svg{fill:var( --e-global-color-secondary );}.elementor-14884 .elementor-element.elementor-element-a9cdb3d{text-align:start;}.elementor-14884 .elementor-element.elementor-element-a9cdb3d .elementor-heading-title{font-size:47px;line-height:42px;color:var( --e-global-color-primary );}.elementor-14884 .elementor-element.elementor-element-a9cdb3d > .elementor-widget-container{padding:0px 0px 11px 0px;}.elementor-14884 .elementor-element.elementor-element-bb5a53c > .elementor-element-populated{padding:0px 0px 0px 14px;}.elementor-14884 .elementor-element.elementor-element-6e7fc8b{line-height:25px;color:var( --e-global-color-text );}.elementor-14884 .elementor-element.elementor-element-173c3461{line-height:25px;}.elementor-14884 .elementor-element.elementor-element-8bfe07c:not(.elementor-motion-effects-element-type-background), .elementor-14884 .elementor-element.elementor-element-8bfe07c > .elementor-motion-effects-container > .elementor-motion-effects-layer{background-color:#FBF5EB;}.elementor-14884 .elementor-element.elementor-element-8bfe07c > .elementor-background-overlay{background-image:url(\"https:\/\/www.aceswiss.ch\/wp-content\/uploads\/bg-soft.jpg\");background-position:center center;background-repeat:repeat;opacity:0.28;transition:background 0.3s, border-radius 0.3s, opacity 0.3s;}.elementor-14884 .elementor-element.elementor-element-8bfe07c{transition:background 0.3s, border 0.3s, border-radius 0.3s, box-shadow 0.3s;padding:60px 0px 0100px 0px;}.elementor-14884 .elementor-element.elementor-element-49d502c{padding:55px 0px 0px 0px;}.elementor-14884 .elementor-element.elementor-element-17ef34f > .elementor-element-populated{padding:0px 17px 0px 0px;}.elementor-14884 .elementor-element.elementor-element-5b80789 .elementor-icon-wrapper{text-align:start;}.elementor-14884 .elementor-element.elementor-element-5b80789.elementor-view-stacked .elementor-icon{background-color:var( --e-global-color-secondary );}.elementor-14884 .elementor-element.elementor-element-5b80789.elementor-view-framed .elementor-icon, .elementor-14884 .elementor-element.elementor-element-5b80789.elementor-view-default .elementor-icon{color:var( --e-global-color-secondary );border-color:var( --e-global-color-secondary );}.elementor-14884 .elementor-element.elementor-element-5b80789.elementor-view-framed .elementor-icon, .elementor-14884 .elementor-element.elementor-element-5b80789.elementor-view-default .elementor-icon svg{fill:var( --e-global-color-secondary );}.elementor-14884 .elementor-element.elementor-element-a50e57c{text-align:start;}.elementor-14884 .elementor-element.elementor-element-a50e57c .elementor-heading-title{font-size:47px;line-height:42px;color:var( --e-global-color-primary );}.elementor-14884 .elementor-element.elementor-element-a50e57c > .elementor-widget-container{padding:0px 0px 11px 0px;}.elementor-14884 .elementor-element.elementor-element-1bf11ae > .elementor-element-populated{padding:0px 0px 0px 14px;}.elementor-14884 .elementor-element.elementor-element-573605d{line-height:25px;color:var( --e-global-color-text );}.elementor-14884 .elementor-element.elementor-element-ccc952f{line-height:25px;}:root{--page-title-display:none;}@media(max-width:1024px){.elementor-14884 .elementor-element.elementor-element-5c5cb27d > .elementor-element-populated{padding:20px 20px 20px 20px;}.elementor-14884 .elementor-element.elementor-element-bb5a53c > .elementor-element-populated{padding:31px 0px 0px 0px;}.elementor-14884 .elementor-element.elementor-element-8de41d2 > .elementor-element-populated{padding:20px 20px 20px 20px;}.elementor-14884 .elementor-element.elementor-element-1bf11ae > .elementor-element-populated{padding:31px 0px 0px 0px;}}@media(max-width:767px){.elementor-14884 .elementor-element.elementor-element-2708d572 .elementor-heading-title{font-size:38px;}.elementor-14884 .elementor-element.elementor-element-a9cdb3d .elementor-heading-title{font-size:38px;}.elementor-14884 .elementor-element.elementor-element-a50e57c .elementor-heading-title{font-size:38px;}}@media(min-width:768px){.elementor-14884 .elementor-element.elementor-element-6e05509{width:44.464%;}.elementor-14884 .elementor-element.elementor-element-bb5a53c{width:55.536%;}.elementor-14884 .elementor-element.elementor-element-17ef34f{width:44.464%;}.elementor-14884 .elementor-element.elementor-element-1bf11ae{width:55.536%;}}@media(max-width:1024px) and (min-width:768px){.elementor-14884 .elementor-element.elementor-element-6e05509{width:100%;}.elementor-14884 .elementor-element.elementor-element-bb5a53c{width:100%;}.elementor-14884 .elementor-element.elementor-element-17ef34f{width:100%;}.elementor-14884 .elementor-element.elementor-element-1bf11ae{width:100%;}}<\/style>\t\t<div data-elementor-type=\"wp-page\" data-elementor-id=\"14884\" class=\"elementor elementor-14884\" data-elementor-post-type=\"page\">\n\t\t\t\t\t\t<section class=\"elementor-section elementor-top-section elementor-element elementor-element-d8646d3 elementor-section-boxed elementor-section-height-default elementor-section-height-default\" data-id=\"d8646d3\" data-element_type=\"section\" data-e-type=\"section\" data-settings=\"{&quot;background_background&quot;:&quot;classic&quot;}\">\n\t\t\t\t\t\t\t<div class=\"elementor-background-overlay\"><\/div>\n\t\t\t\t\t\t\t<div class=\"elementor-container elementor-column-gap-default\">\n\t\t\t\t\t<div class=\"elementor-column elementor-col-100 elementor-top-column elementor-element elementor-element-d699cb5\" data-id=\"d699cb5\" data-element_type=\"column\" data-e-type=\"column\">\n\t\t\t<div class=\"elementor-widget-wrap elementor-element-populated\">\n\t\t\t\t\t\t<div class=\"elementor-element elementor-element-2708d572 elementor-widget elementor-widget-heading\" data-id=\"2708d572\" data-element_type=\"widget\" data-e-type=\"widget\" data-widget_type=\"heading.default\">\n\t\t\t\t<div class=\"elementor-widget-container\">\n\t\t\t\t\t<h1 class=\"elementor-heading-title elementor-size-default\">Innovazione, responsabilit\u00e0 e sostenibilit\u00e0<\/h1>\t\t\t\t<\/div>\n\t\t\t\t<\/div>\n\t\t\t\t<div class=\"elementor-element elementor-element-ebbc4b2 elementor-widget-divider--view-line elementor-widget elementor-widget-divider\" data-id=\"ebbc4b2\" data-element_type=\"widget\" data-e-type=\"widget\" data-widget_type=\"divider.default\">\n\t\t\t\t<div class=\"elementor-widget-container\">\n\t\t\t\t\t\t\t<div class=\"elementor-divider\">\n\t\t\t<span class=\"elementor-divider-separator\">\n\t\t\t\t\t\t<\/span>\n\t\t<\/div>\n\t\t\t\t\t\t<\/div>\n\t\t\t\t<\/div>\n\t\t\t\t\t<\/div>\n\t\t<\/div>\n\t\t\t\t\t<\/div>\n\t\t<\/section>\n\t\t\t\t<section class=\"elementor-section elementor-top-section elementor-element elementor-element-7a79be84 elementor-section-boxed elementor-section-height-default elementor-section-height-default\" data-id=\"7a79be84\" data-element_type=\"section\" data-e-type=\"section\">\n\t\t\t\t\t\t\t<div class=\"elementor-background-overlay\"><\/div>\n\t\t\t\t\t\t\t<div class=\"elementor-container elementor-column-gap-default\">\n\t\t\t\t\t<div class=\"elementor-column elementor-col-100 elementor-top-column elementor-element elementor-element-5c5cb27d\" data-id=\"5c5cb27d\" data-element_type=\"column\" data-e-type=\"column\">\n\t\t\t<div class=\"elementor-widget-wrap elementor-element-populated\">\n\t\t\t\t\t\t<section class=\"elementor-section elementor-inner-section elementor-element elementor-element-51b1b36 elementor-section-boxed elementor-section-height-default elementor-section-height-default\" data-id=\"51b1b36\" data-element_type=\"section\" data-e-type=\"section\">\n\t\t\t\t\t\t<div class=\"elementor-container elementor-column-gap-default\">\n\t\t\t\t\t<div class=\"elementor-column elementor-col-50 elementor-inner-column elementor-element elementor-element-6e05509\" data-id=\"6e05509\" data-element_type=\"column\" data-e-type=\"column\" data-settings=\"{&quot;animation&quot;:&quot;none&quot;}\">\n\t\t\t<div class=\"elementor-widget-wrap elementor-element-populated\">\n\t\t\t\t\t\t<div class=\"elementor-element elementor-element-b6274fc elementor-view-default elementor-widget elementor-widget-icon\" data-id=\"b6274fc\" data-element_type=\"widget\" data-e-type=\"widget\" data-widget_type=\"icon.default\">\n\t\t\t\t<div class=\"elementor-widget-container\">\n\t\t\t\t\t\t\t<div class=\"elementor-icon-wrapper\">\n\t\t\t<div class=\"elementor-icon\">\n\t\t\t<i aria-hidden=\"true\" class=\"jki jki-target-2-light\"><\/i>\t\t\t<\/div>\n\t\t<\/div>\n\t\t\t\t\t\t<\/div>\n\t\t\t\t<\/div>\n\t\t\t\t<div class=\"elementor-element elementor-element-a9cdb3d elementor-widget elementor-widget-heading\" data-id=\"a9cdb3d\" data-element_type=\"widget\" data-e-type=\"widget\" data-widget_type=\"heading.default\">\n\t\t\t\t<div class=\"elementor-widget-container\">\n\t\t\t\t\t<h2 class=\"elementor-heading-title elementor-size-default\">La Mission<\/h2>\t\t\t\t<\/div>\n\t\t\t\t<\/div>\n\t\t\t\t\t<\/div>\n\t\t<\/div>\n\t\t\t\t<div class=\"elementor-column elementor-col-50 elementor-inner-column elementor-element elementor-element-bb5a53c\" data-id=\"bb5a53c\" data-element_type=\"column\" data-e-type=\"column\">\n\t\t\t<div class=\"elementor-widget-wrap elementor-element-populated\">\n\t\t\t\t\t\t<div class=\"elementor-element elementor-element-6e7fc8b elementor-widget elementor-widget-text-editor\" data-id=\"6e7fc8b\" data-element_type=\"widget\" data-e-type=\"widget\" data-widget_type=\"text-editor.default\">\n\t\t\t\t<div class=\"elementor-widget-container\">\n\t\t\t\t\t\t\t\t\t<p>In qualit\u00e0 di operatore leader e innovativo del mercato, il gruppo ACE SWISS si propone di essere un modello aziendale e tener fede alla propria responsabilit\u00e0 sociale. La mission \u00e8 quindi quella di offrire ai clienti la migliore esperienza di gioco, di essere un datore di lavoro attrattivo per i dipendenti e un operatore responsabile per la societ\u00e0.<\/p>\t\t\t\t\t\t\t\t<\/div>\n\t\t\t\t<\/div>\n\t\t\t\t<div class=\"elementor-element elementor-element-173c3461 elementor-widget elementor-widget-text-editor\" data-id=\"173c3461\" data-element_type=\"widget\" data-e-type=\"widget\" data-widget_type=\"text-editor.default\">\n\t\t\t\t<div class=\"elementor-widget-container\">\n\t\t\t\t\t\t\t\t\t<p>Il gruppo ACE SWISS si impegna a rispettare i valori fondamentali della Svizzera e si sforza di apportare costanti innovazioni, cosa che \u00e8 indispensabile per il successo e il benessere territoriale. Nel farlo, presta attenzione alla sostenibilit\u00e0 economica, sociale ed ecologica. Seleziona con cura i propri impegni sociali tra istituzioni e progetti in ambito svizzero.<\/p>\t\t\t\t\t\t\t\t<\/div>\n\t\t\t\t<\/div>\n\t\t\t\t\t<\/div>\n\t\t<\/div>\n\t\t\t\t\t<\/div>\n\t\t<\/section>\n\t\t\t\t\t<\/div>\n\t\t<\/div>\n\t\t\t\t\t<\/div>\n\t\t<\/section>\n\t\t\t\t<section class=\"elementor-section elementor-top-section elementor-element elementor-element-8bfe07c elementor-section-boxed elementor-section-height-default elementor-section-height-default\" data-id=\"8bfe07c\" data-element_type=\"section\" data-e-type=\"section\" data-settings=\"{&quot;background_background&quot;:&quot;classic&quot;}\">\n\t\t\t\t\t\t\t<div class=\"elementor-background-overlay\"><\/div>\n\t\t\t\t\t\t\t<div class=\"elementor-container elementor-column-gap-default\">\n\t\t\t\t\t<div class=\"elementor-column elementor-col-100 elementor-top-column elementor-element elementor-element-8de41d2\" data-id=\"8de41d2\" data-element_type=\"column\" data-e-type=\"column\">\n\t\t\t<div class=\"elementor-widget-wrap elementor-element-populated\">\n\t\t\t\t\t\t<section class=\"elementor-section elementor-inner-section elementor-element elementor-element-49d502c elementor-section-boxed elementor-section-height-default elementor-section-height-default\" data-id=\"49d502c\" data-element_type=\"section\" data-e-type=\"section\">\n\t\t\t\t\t\t<div class=\"elementor-container elementor-column-gap-default\">\n\t\t\t\t\t<div class=\"elementor-column elementor-col-50 elementor-inner-column elementor-element elementor-element-17ef34f\" data-id=\"17ef34f\" data-element_type=\"column\" data-e-type=\"column\" data-settings=\"{&quot;animation&quot;:&quot;none&quot;}\">\n\t\t\t<div class=\"elementor-widget-wrap elementor-element-populated\">\n\t\t\t\t\t\t<div class=\"elementor-element elementor-element-5b80789 elementor-view-default elementor-widget elementor-widget-icon\" data-id=\"5b80789\" data-element_type=\"widget\" data-e-type=\"widget\" data-widget_type=\"icon.default\">\n\t\t\t\t<div class=\"elementor-widget-container\">\n\t\t\t\t\t\t\t<div class=\"elementor-icon-wrapper\">\n\t\t\t<div class=\"elementor-icon\">\n\t\t\t<i aria-hidden=\"true\" class=\"far fa-eye\"><\/i>\t\t\t<\/div>\n\t\t<\/div>\n\t\t\t\t\t\t<\/div>\n\t\t\t\t<\/div>\n\t\t\t\t<div class=\"elementor-element elementor-element-a50e57c elementor-widget elementor-widget-heading\" data-id=\"a50e57c\" data-element_type=\"widget\" data-e-type=\"widget\" data-widget_type=\"heading.default\">\n\t\t\t\t<div class=\"elementor-widget-container\">\n\t\t\t\t\t<h2 class=\"elementor-heading-title elementor-size-default\">La Vision<\/h2>\t\t\t\t<\/div>\n\t\t\t\t<\/div>\n\t\t\t\t\t<\/div>\n\t\t<\/div>\n\t\t\t\t<div class=\"elementor-column elementor-col-50 elementor-inner-column elementor-element elementor-element-1bf11ae\" data-id=\"1bf11ae\" data-element_type=\"column\" data-e-type=\"column\">\n\t\t\t<div class=\"elementor-widget-wrap elementor-element-populated\">\n\t\t\t\t\t\t<div class=\"elementor-element elementor-element-573605d elementor-widget elementor-widget-text-editor\" data-id=\"573605d\" data-element_type=\"widget\" data-e-type=\"widget\" data-widget_type=\"text-editor.default\">\n\t\t\t\t<div class=\"elementor-widget-container\">\n\t\t\t\t\t\t\t\t\t<p>Il gruppo ACE SWISS combina offerte di gioco innovative con concetti collaudati di prevenzione della dipendenza dal gioco d'azzardo e offre una presenza sul mercato che stabilisce standard di qualit\u00e0 elevati. Il divertimento garantito dall\u2019offerta di gioco, il servizio clienti, il gioco responsabile e le rigorose misure di prevenzione per proteggere i giocatori costituiscono una chiave fondamentale della vision di ACE SWISS Group. <\/p>\t\t\t\t\t\t\t\t<\/div>\n\t\t\t\t<\/div>\n\t\t\t\t<div class=\"elementor-element elementor-element-ccc952f elementor-widget elementor-widget-text-editor\" data-id=\"ccc952f\" data-element_type=\"widget\" data-e-type=\"widget\" data-widget_type=\"text-editor.default\">\n\t\t\t\t<div class=\"elementor-widget-container\">\n\t\t\t\t\t\t\t\t\t<p>L\u2019obiettivo \u00e8 quello di ampliare ulteriormente l\u2019attuale quota di mercato e di conciliare sempre il successo economico con la responsabilit\u00e0 sociale e la sostenibilit\u00e0.<\/p>\t\t\t\t\t\t\t\t<\/div>\n\t\t\t\t<\/div>\n\t\t\t\t\t<\/div>\n\t\t<\/div>\n\t\t\t\t\t<\/div>\n\t\t<\/section>\n\t\t\t\t\t<\/div>\n\t\t<\/div>\n\t\t\t\t\t<\/div>\n\t\t<\/section>\n\t\t\t\t<\/div>","protected":false},"excerpt":{"rendered":"<p>Innovation, Verantwortung und Nachhaltigkeit Unsere Mission Als ein f\u00fchrender und innovativer Marktteilnehmer wollen wir ein unternehmerisches Vorbild sein und unserer gesellschaftlichen Verantwortung stets gerecht werden: Es ist somit unsere Mission, den Kunden das beste Gaming-Erlebnis zu bieten, f\u00fcr die Mitarbeitenden ein attraktiver Arbeitgeber und f\u00fcr die Gesellschaft ein verantwortungsvoller Akteur zu sein. Wir verpflichten uns [&hellip;]<\/p>\n","protected":false},"author":1,"featured_media":0,"parent":14863,"menu_order":1,"comment_status":"closed","ping_status":"closed","template":"","meta":{"_seopress_robots_primary_cat":"","_seopress_titles_title":"Unsere Mission und Vision - innovative Gaming-Angebote","_seopress_titles_desc":"Wir verkn\u00fcpfen innovative Gaming-Angebote mit bew\u00e4hrten Konzepten der Spielsuchtpr\u00e4vention in einem Marktauftritt, der qualitativ hohe Standards setzt. ","_seopress_robots_index":"","_themeisle_gutenberg_block_has_review":false,"footnotes":""},"folder":[],"class_list":["post-14884","page","type-page","status-publish","hentry"],"_links":{"self":[{"href":"https:\/\/www.aceswiss.ch\/it\/wp-json\/wp\/v2\/pages\/14884","targetHints":{"allow":["GET"]}}],"collection":[{"href":"https:\/\/www.aceswiss.ch\/it\/wp-json\/wp\/v2\/pages"}],"about":[{"href":"https:\/\/www.aceswiss.ch\/it\/wp-json\/wp\/v2\/types\/page"}],"author":[{"embeddable":true,"href":"https:\/\/www.aceswiss.ch\/it\/wp-json\/wp\/v2\/users\/1"}],"replies":[{"embeddable":true,"href":"https:\/\/www.aceswiss.ch\/it\/wp-json\/wp\/v2\/comments?post=14884"}],"version-history":[{"count":5,"href":"https:\/\/www.aceswiss.ch\/it\/wp-json\/wp\/v2\/pages\/14884\/revisions"}],"predecessor-version":[{"id":16351,"href":"https:\/\/www.aceswiss.ch\/it\/wp-json\/wp\/v2\/pages\/14884\/revisions\/16351"}],"up":[{"embeddable":true,"href":"https:\/\/www.aceswiss.ch\/it\/wp-json\/wp\/v2\/pages\/14863"}],"wp:attachment":[{"href":"https:\/\/www.aceswiss.ch\/it\/wp-json\/wp\/v2\/media?parent=14884"}],"wp:term":[{"taxonomy":"folder","embeddable":true,"href":"https:\/\/www.aceswiss.ch\/it\/wp-json\/wp\/v2\/folder?post=14884"}],"curies":[{"name":"wp","href":"https:\/\/api.w.org\/{rel}","templated":true}]}}