{"id":14878,"date":"2022-09-19T14:10:57","date_gmt":"2022-09-19T12:10:57","guid":{"rendered":"http:\/\/www.ace.aretis.ch\/?page_id=14878"},"modified":"2025-10-10T10:00:17","modified_gmt":"2025-10-10T08:00:17","slug":"impressum","status":"publish","type":"page","link":"https:\/\/www.aceswiss.ch\/it\/impressum\/","title":{"rendered":"Impressum"},"content":{"rendered":"<style>.elementor-14878 .elementor-element.elementor-element-7032f982 > .elementor-container{max-width:1071px;}.elementor-14878 .elementor-element.elementor-element-7032f982:not(.elementor-motion-effects-element-type-background), .elementor-14878 .elementor-element.elementor-element-7032f982 > .elementor-motion-effects-container > .elementor-motion-effects-layer{background-color:#FBF5EB;}.elementor-14878 .elementor-element.elementor-element-7032f982 > .elementor-background-overlay{background-image:url(\"https:\/\/www.aceswiss.ch\/wp-content\/uploads\/bg-soft.jpg\");background-position:center center;background-repeat:repeat;opacity:0.28;transition:background 0.3s, border-radius 0.3s, opacity 0.3s;}.elementor-14878 .elementor-element.elementor-element-7032f982{transition:background 0.3s, border 0.3s, border-radius 0.3s, box-shadow 0.3s;padding:80px 0px 0100px 0px;}.elementor-14878 .elementor-element.elementor-element-2716e09c{text-align:center;}.elementor-14878 .elementor-element.elementor-element-2716e09c .elementor-heading-title{font-size:51px;color:var( --e-global-color-primary );}.elementor-14878 .elementor-element.elementor-element-2716e09c > .elementor-widget-container{margin:0px 0px 0px 0px;padding:0px 0px 0px 0px;}.elementor-14878 .elementor-element.elementor-element-cc8149e{--divider-border-style:solid;--divider-color:var( --e-global-color-primary );--divider-border-width:2px;}.elementor-14878 .elementor-element.elementor-element-cc8149e .elementor-divider-separator{width:20%;margin:0 auto;margin-center:0;}.elementor-14878 .elementor-element.elementor-element-cc8149e .elementor-divider{text-align:center;padding-block-start:24px;padding-block-end:24px;}.elementor-14878 .elementor-element.elementor-element-123058e9{padding:23px 0px 0px 0px;}.elementor-14878 .elementor-element.elementor-element-10509b2 > .elementor-element-populated{margin:0px 0px 0px 0px;--e-column-margin-right:0px;--e-column-margin-left:0px;padding:0px 25px 0px 0px;}.elementor-14878 .elementor-element.elementor-element-418bc4ee > .elementor-element-populated{padding:0px 0px 0px 43px;}:root{--page-title-display:none;}@media(max-width:1024px){.elementor-14878 .elementor-element.elementor-element-7032f982{padding:50px 20px 50px 20px;}.elementor-14878 .elementor-element.elementor-element-418bc4ee > .elementor-element-populated{padding:0px 0px 0px 0px;}}@media(max-width:767px){.elementor-14878 .elementor-element.elementor-element-2716e09c .elementor-heading-title{font-size:37px;}.elementor-14878 .elementor-element.elementor-element-418bc4ee > .elementor-element-populated{padding:0px 0px 0px 0px;}}@media(min-width:768px){.elementor-14878 .elementor-element.elementor-element-10509b2{width:50%;}.elementor-14878 .elementor-element.elementor-element-418bc4ee{width:50%;}}@media(max-width:1024px) and (min-width:768px){.elementor-14878 .elementor-element.elementor-element-10509b2{width:100%;}.elementor-14878 .elementor-element.elementor-element-418bc4ee{width:100%;}}<\/style>\t\t<div data-elementor-type=\"wp-page\" data-elementor-id=\"14878\" class=\"elementor elementor-14878\" data-elementor-post-type=\"page\">\n\t\t\t\t\t\t<section class=\"elementor-section elementor-top-section elementor-element elementor-element-7032f982 elementor-section-boxed elementor-section-height-default elementor-section-height-default\" data-id=\"7032f982\" data-element_type=\"section\" data-e-type=\"section\" data-settings=\"{&quot;background_background&quot;:&quot;classic&quot;}\">\n\t\t\t\t\t\t\t<div class=\"elementor-background-overlay\"><\/div>\n\t\t\t\t\t\t\t<div class=\"elementor-container elementor-column-gap-default\">\n\t\t\t\t\t<div class=\"elementor-column elementor-col-100 elementor-top-column elementor-element elementor-element-5c8789e\" data-id=\"5c8789e\" data-element_type=\"column\" data-e-type=\"column\">\n\t\t\t<div class=\"elementor-widget-wrap elementor-element-populated\">\n\t\t\t\t\t\t<div class=\"elementor-element elementor-element-2716e09c elementor-widget elementor-widget-heading\" data-id=\"2716e09c\" data-element_type=\"widget\" data-e-type=\"widget\" data-widget_type=\"heading.default\">\n\t\t\t\t<div class=\"elementor-widget-container\">\n\t\t\t\t\t<h1 class=\"elementor-heading-title elementor-size-default\">Impressum<\/h1>\t\t\t\t<\/div>\n\t\t\t\t<\/div>\n\t\t\t\t<div class=\"elementor-element elementor-element-cc8149e elementor-widget-divider--view-line elementor-widget elementor-widget-divider\" data-id=\"cc8149e\" data-element_type=\"widget\" data-e-type=\"widget\" data-widget_type=\"divider.default\">\n\t\t\t\t<div class=\"elementor-widget-container\">\n\t\t\t\t\t\t\t<div class=\"elementor-divider\">\n\t\t\t<span class=\"elementor-divider-separator\">\n\t\t\t\t\t\t<\/span>\n\t\t<\/div>\n\t\t\t\t\t\t<\/div>\n\t\t\t\t<\/div>\n\t\t\t\t<section class=\"elementor-section elementor-inner-section elementor-element elementor-element-123058e9 elementor-section-boxed elementor-section-height-default elementor-section-height-default\" data-id=\"123058e9\" data-element_type=\"section\" data-e-type=\"section\">\n\t\t\t\t\t\t<div class=\"elementor-container elementor-column-gap-default\">\n\t\t\t\t\t<div class=\"elementor-column elementor-col-50 elementor-inner-column elementor-element elementor-element-10509b2\" data-id=\"10509b2\" data-element_type=\"column\" data-e-type=\"column\">\n\t\t\t<div class=\"elementor-widget-wrap elementor-element-populated\">\n\t\t\t\t\t\t<div class=\"elementor-element elementor-element-9c8cf8f elementor-widget elementor-widget-text-editor\" data-id=\"9c8cf8f\" data-element_type=\"widget\" data-e-type=\"widget\" data-widget_type=\"text-editor.default\">\n\t\t\t\t<div class=\"elementor-widget-container\">\n\t\t\t\t\t\t\t\t\t<h4>Indirizzo di contatto<\/h4><p>l'azienda ACE SWISS<\/p><p>Aargauerstrasse 180<br \/>8048 Zurigo<\/p><p>E-mail: <a href=\"mailto:info@aceswiss.ch\">info@aceswiss.ch<\/a><\/p><h4>Iscrizione al registro delle imprese<\/h4><p>Nome della societ\u00e0 registrata:<br \/>l'azienda ACE SWISS<\/p><p>Numero: CHE-312.350.885<\/p><p>Ufficio del registro delle imprese: Cantone di Zurigo<\/p><h4>Numero di partita IVA<\/h4><p>CHE-312.350.885 IVA<\/p><h4>Realizzazione web<\/h4><p>Consulenza, concetto tecnico, progettazione, programmazione e hosting di questo sito web:<\/p><p><a href=\"https:\/\/www.aretis.ch\/leistungen\/webdesign-zuerich\/\">aretis\u00ae web agency Zurigo<\/a><br \/>Morgartenstrasse 6<br \/>8004 Zurigo<\/p>\t\t\t\t\t\t\t\t<\/div>\n\t\t\t\t<\/div>\n\t\t\t\t\t<\/div>\n\t\t<\/div>\n\t\t\t\t<div class=\"elementor-column elementor-col-50 elementor-inner-column elementor-element elementor-element-418bc4ee\" data-id=\"418bc4ee\" data-element_type=\"column\" data-e-type=\"column\">\n\t\t\t<div class=\"elementor-widget-wrap elementor-element-populated\">\n\t\t\t\t\t\t<div class=\"elementor-element elementor-element-93a4d15 elementor-widget elementor-widget-text-editor\" data-id=\"93a4d15\" data-element_type=\"widget\" data-e-type=\"widget\" data-widget_type=\"text-editor.default\">\n\t\t\t\t<div class=\"elementor-widget-container\">\n\t\t\t\t\t\t\t\t\t<h4>Esclusione di responsabilit\u00e0<\/h4><p>L'autore non si assume alcuna responsabilit\u00e0 in merito alla correttezza, all'accuratezza, all'attualit\u00e0, all'affidabilit\u00e0 e alla completezza delle informazioni. Le richieste di risarcimento per danni causati dall'uso delle informazioni fornite, comprese quelle incomplete o errate, saranno pertanto respinte. Tutti i contenuti non sono vincolanti. L'autore si riserva espressamente il diritto di modificarne, integrarne o cancellarne parzialmente o integralmente le pagine senza un annuncio separato o anche di interromperne temporaneamente o definitivamente la pubblicazione.<\/p><h4>Responsabilit\u00e0 per i link<\/h4><p>I riferimenti e i link a siti web di terzi non rientrano nella nostra sfera di responsabilit\u00e0 e decliniamo ogni responsabilit\u00e0 per tali siti. L'accesso e l'utilizzo di tali siti web \u00e8 a rischio e pericolo dell'utente.<\/p><h4>Copyright<\/h4><p>I diritti d'autore e tutti gli altri diritti sui contenuti, le immagini, le foto o altri file presenti sul sito web appartengono esclusivamente ad ACE SWISS Holding AG o ai titolari dei diritti specificamente indicati. Per la riproduzione di qualsiasi elemento \u00e8 necessario ottenere preventivamente il consenso scritto dei titolari dei diritti d'autore.<\/p><h4>Protezione  dati<\/h4><p>ACE SWISS Holding AG rispetta la normativa vigente in materia di protezione dei dati. Si prega di far riferimento alla nostra <a href=\"https:\/\/www.aceswiss.ch\/it\/datenschutz\/\">Informativa sulla privacy -&gt;<\/a><\/p>\t\t\t\t\t\t\t\t<\/div>\n\t\t\t\t<\/div>\n\t\t\t\t\t<\/div>\n\t\t<\/div>\n\t\t\t\t\t<\/div>\n\t\t<\/section>\n\t\t\t\t\t<\/div>\n\t\t<\/div>\n\t\t\t\t\t<\/div>\n\t\t<\/section>\n\t\t\t\t<\/div>","protected":false},"excerpt":{"rendered":"<p>Impressum Kontaktadresse ACE SWISS Holding AG Aargauerstrasse 1808048 Z\u00fcrich E-Mail: info@aceswiss.ch Handelsregistereintrag Eingetragener Firmenname:ACE SWISS Holding AG Nummer: CHE-312.350.885 Handelsregisteramt: Kanton Z\u00fcrich Mehrwertsteuernummer CHE-312.350.885 MWST Webrealisation Beratung, technisches Konzept, Design, Programmierung und Hosting dieser Website: aretis\u00ae Webagentur Z\u00fcrichMorgartenstrasse 68004 Z\u00fcrich Haftungsausschluss Der Autor \u00fcbernimmt keinerlei Gew\u00e4hr hinsichtlich der inhaltlichen Richtigkeit, Genauigkeit, Aktualit\u00e4t, Zuverl\u00e4ssigkeit und Vollst\u00e4ndigkeit [&hellip;]<\/p>\n","protected":false},"author":1,"featured_media":0,"parent":0,"menu_order":6,"comment_status":"closed","ping_status":"closed","template":"","meta":{"_seopress_robots_primary_cat":"","_seopress_titles_title":"Impressum der ACE SWISS Holding AG","_seopress_titles_desc":"","_seopress_robots_index":"","_themeisle_gutenberg_block_has_review":false,"footnotes":""},"folder":[],"class_list":["post-14878","page","type-page","status-publish","hentry"],"_links":{"self":[{"href":"https:\/\/www.aceswiss.ch\/it\/wp-json\/wp\/v2\/pages\/14878","targetHints":{"allow":["GET"]}}],"collection":[{"href":"https:\/\/www.aceswiss.ch\/it\/wp-json\/wp\/v2\/pages"}],"about":[{"href":"https:\/\/www.aceswiss.ch\/it\/wp-json\/wp\/v2\/types\/page"}],"author":[{"embeddable":true,"href":"https:\/\/www.aceswiss.ch\/it\/wp-json\/wp\/v2\/users\/1"}],"replies":[{"embeddable":true,"href":"https:\/\/www.aceswiss.ch\/it\/wp-json\/wp\/v2\/comments?post=14878"}],"version-history":[{"count":9,"href":"https:\/\/www.aceswiss.ch\/it\/wp-json\/wp\/v2\/pages\/14878\/revisions"}],"predecessor-version":[{"id":17172,"href":"https:\/\/www.aceswiss.ch\/it\/wp-json\/wp\/v2\/pages\/14878\/revisions\/17172"}],"wp:attachment":[{"href":"https:\/\/www.aceswiss.ch\/it\/wp-json\/wp\/v2\/media?parent=14878"}],"wp:term":[{"taxonomy":"folder","embeddable":true,"href":"https:\/\/www.aceswiss.ch\/it\/wp-json\/wp\/v2\/folder?post=14878"}],"curies":[{"name":"wp","href":"https:\/\/api.w.org\/{rel}","templated":true}]}}