{"id":15116,"date":"2022-09-20T18:51:34","date_gmt":"2022-09-20T16:51:34","guid":{"rendered":"http:\/\/www.ace.aretis.ch\/?page_id=15116"},"modified":"2025-07-23T09:45:44","modified_gmt":"2025-07-23T07:45:44","slug":"medienmitteilungen","status":"publish","type":"page","link":"https:\/\/www.aceswiss.ch\/fr\/medien\/medienmitteilungen\/","title":{"rendered":"Communiqu\u00e9s de presse"},"content":{"rendered":"<div data-elementor-type=\"wp-page\" data-elementor-id=\"15116\" class=\"elementor elementor-15116\" data-elementor-post-type=\"page\">\n\t\t\t\t\t\t<section class=\"elementor-section elementor-top-section elementor-element elementor-element-2fbc2b51 elementor-section-boxed elementor-section-height-default elementor-section-height-default\" data-id=\"2fbc2b51\" data-element_type=\"section\" data-e-type=\"section\" data-settings=\"{&quot;background_background&quot;:&quot;classic&quot;}\">\n\t\t\t\t\t\t\t<div class=\"elementor-background-overlay\"><\/div>\n\t\t\t\t\t\t\t<div class=\"elementor-container elementor-column-gap-default\">\n\t\t\t\t\t<div class=\"elementor-column elementor-col-100 elementor-top-column elementor-element elementor-element-226c79ab\" data-id=\"226c79ab\" data-element_type=\"column\" data-e-type=\"column\">\n\t\t\t<div class=\"elementor-widget-wrap elementor-element-populated\">\n\t\t\t\t\t\t<div class=\"elementor-element elementor-element-3923f52c elementor-widget elementor-widget-heading\" data-id=\"3923f52c\" data-element_type=\"widget\" data-e-type=\"widget\" data-widget_type=\"heading.default\">\n\t\t\t\t<div class=\"elementor-widget-container\">\n\t\t\t\t\t<h1 class=\"elementor-heading-title elementor-size-default\">Communiqu\u00e9s de presse<\/h1>\t\t\t\t<\/div>\n\t\t\t\t<\/div>\n\t\t\t\t<div class=\"elementor-element elementor-element-e68f6b4 elementor-widget-divider--view-line elementor-widget elementor-widget-divider\" data-id=\"e68f6b4\" data-element_type=\"widget\" data-e-type=\"widget\" data-widget_type=\"divider.default\">\n\t\t\t\t<div class=\"elementor-widget-container\">\n\t\t\t\t\t\t\t<div class=\"elementor-divider\">\n\t\t\t<span class=\"elementor-divider-separator\">\n\t\t\t\t\t\t<\/span>\n\t\t<\/div>\n\t\t\t\t\t\t<\/div>\n\t\t\t\t<\/div>\n\t\t\t\t<div class=\"elementor-element elementor-element-2a3fba2 elementor-grid-2 elementor-posts--thumbnail-none animated-slow elementor-grid-tablet-2 elementor-grid-mobile-1 elementor-card-shadow-yes elementor-posts__hover-gradient elementor-invisible elementor-widget elementor-widget-posts\" data-id=\"2a3fba2\" data-element_type=\"widget\" data-e-type=\"widget\" data-settings=\"{&quot;cards_columns&quot;:&quot;2&quot;,&quot;_animation&quot;:&quot;fadeIn&quot;,&quot;cards_columns_tablet&quot;:&quot;2&quot;,&quot;cards_columns_mobile&quot;:&quot;1&quot;,&quot;cards_row_gap&quot;:{&quot;unit&quot;:&quot;px&quot;,&quot;size&quot;:35,&quot;sizes&quot;:[]},&quot;cards_row_gap_tablet&quot;:{&quot;unit&quot;:&quot;px&quot;,&quot;size&quot;:&quot;&quot;,&quot;sizes&quot;:[]},&quot;cards_row_gap_mobile&quot;:{&quot;unit&quot;:&quot;px&quot;,&quot;size&quot;:&quot;&quot;,&quot;sizes&quot;:[]}}\" data-widget_type=\"posts.cards\">\n\t\t\t\t<div class=\"elementor-widget-container\">\n\t\t\t\t\t\t\t<div class=\"elementor-posts-container elementor-posts elementor-posts--skin-cards elementor-grid\" role=\"list\">\n\t\t\t\t<article class=\"elementor-post elementor-grid-item post-17070 post type-post status-publish format-standard hentry category-unkategorisiert\" role=\"listitem\">\n\t\t\t<div class=\"elementor-post__card\">\n\t\t\t\t<div class=\"elementor-post__text\">\n\t\t\t\t<h3 class=\"elementor-post__title\">\n\t\t\t<a href=\"https:\/\/www.aceswiss.ch\/fr\/das-casino-admiral-in-mendrisio-ist-jetzt-auch-online\/\" >\n\t\t\t\tLe casino ADMIRAL de Mendrisio est d\u00e9sormais en ligne !\t\t\t<\/a>\n\t\t<\/h3>\n\t\t\t\t<div class=\"elementor-post__excerpt\">\n\t\t\t<p>Zurich, le 16 juillet 2025 - Le Casino ADMIRAL de Mendrisio lance une plateforme en ligne avec des paiements en temps r\u00e9el et des jeux de haut niveau.<\/p>\n\t\t<\/div>\n\t\t\n\t\t<a class=\"elementor-post__read-more\" href=\"https:\/\/www.aceswiss.ch\/fr\/das-casino-admiral-in-mendrisio-ist-jetzt-auch-online\/\" aria-label=\"En savoir plus sur Le casino ADMIRAL de Mendrisio est maintenant aussi en ligne !\" tabindex=\"-1\" >\n\t\t\tLire la suite \"\t\t<\/a>\n\n\t\t\t\t<\/div>\n\t\t\t\t\t<\/div>\n\t\t<\/article>\n\t\t\t\t<article class=\"elementor-post elementor-grid-item post-16982 post type-post status-publish format-standard hentry category-unkategorisiert\" role=\"listitem\">\n\t\t\t<div class=\"elementor-post__card\">\n\t\t\t\t<div class=\"elementor-post__text\">\n\t\t\t\t<h3 class=\"elementor-post__title\">\n\t\t\t<a href=\"https:\/\/www.aceswiss.ch\/fr\/casino-admiral-mendrisio-erhaelt-konzessionserweiterung-fuer-online-gaming\/\" >\n\t\t\t\tLe casino ADMIRAL de Mendrisio obtient une extension de sa concession pour les jeux en ligne\t\t\t<\/a>\n\t\t<\/h3>\n\t\t\t\t<div class=\"elementor-post__excerpt\">\n\t\t\t<p>Mendrisio, 26 f\u00e9vrier 2025 - Le casino ADMIRAL de Mendrisio a obtenu du Conseil f\u00e9d\u00e9ral l'extension de sa concession pour les jeux de hasard en ligne.<\/p>\n\t\t<\/div>\n\t\t\n\t\t<a class=\"elementor-post__read-more\" href=\"https:\/\/www.aceswiss.ch\/fr\/casino-admiral-mendrisio-erhaelt-konzessionserweiterung-fuer-online-gaming\/\" aria-label=\"En savoir plus sur Casino ADMIRAL Mendrisio obtient une extension de concession pour les jeux en ligne\" tabindex=\"-1\" >\n\t\t\tLire la suite \"\t\t<\/a>\n\n\t\t\t\t<\/div>\n\t\t\t\t\t<\/div>\n\t\t<\/article>\n\t\t\t\t<article class=\"elementor-post elementor-grid-item post-16947 post type-post status-publish format-standard hentry category-unkategorisiert\" role=\"listitem\">\n\t\t\t<div class=\"elementor-post__card\">\n\t\t\t\t<div class=\"elementor-post__text\">\n\t\t\t\t<h3 class=\"elementor-post__title\">\n\t\t\t<a href=\"https:\/\/www.aceswiss.ch\/fr\/casino-admiral-mendrisio-betriebsbewilligung-fuer-weitere-20-jahre-und-novomatic-spielautomaten\/\" >\n\t\t\t\tCasino ADMIRAL Mendrisio : autorisation d'exploitation pour 20 ans suppl\u00e9mentaires et machines \u00e0 sous NOVOMATIC\t\t\t<\/a>\n\t\t<\/h3>\n\t\t\t\t<div class=\"elementor-post__excerpt\">\n\t\t\t<p>Zurich, le 29 novembre 2024 - Le 31 d\u00e9cembre 2024, les concessions actuelles de tous les casinos suisses arriveront \u00e0 \u00e9ch\u00e9ance.<\/p>\n\t\t<\/div>\n\t\t\n\t\t<a class=\"elementor-post__read-more\" href=\"https:\/\/www.aceswiss.ch\/fr\/casino-admiral-mendrisio-betriebsbewilligung-fuer-weitere-20-jahre-und-novomatic-spielautomaten\/\" aria-label=\"En savoir plus sur Casino ADMIRAL Mendrisio : autorisation d&#039;exploitation pour 20 ans suppl\u00e9mentaires et machines \u00e0 sous NOVOMATIC\" tabindex=\"-1\" >\n\t\t\tLire la suite \"\t\t<\/a>\n\n\t\t\t\t<\/div>\n\t\t\t\t\t<\/div>\n\t\t<\/article>\n\t\t\t\t<article class=\"elementor-post elementor-grid-item post-16823 post type-post status-publish format-standard hentry category-unkategorisiert tag-ace-casino-holding-ag tag-casino-admiral-sa tag-casino-locarno-sa tag-casinos-schweiz tag-spielbankenkonzessionen\" role=\"listitem\">\n\t\t\t<div class=\"elementor-post__card\">\n\t\t\t\t<div class=\"elementor-post__text\">\n\t\t\t\t<h3 class=\"elementor-post__title\">\n\t\t\t<a href=\"https:\/\/www.aceswiss.ch\/fr\/grand-resort-bad-ragaz-ag-neu-alleinige-aktionaerin-der-casino-bad-ragaz-ag\/\" >\n\t\t\t\tGrand Resort Bad Ragaz AG d\u00e9sormais seul actionnaire de Casino Bad Ragaz AG\t\t\t<\/a>\n\t\t<\/h3>\n\t\t\t\t<div class=\"elementor-post__excerpt\">\n\t\t\t<p>Bad Ragaz et Zurich, le 31 ao\u00fbt 2023 - Les deux actionnaires Grand Resort Bad Ragaz AG et ACE SWISS Holding AG ont convenu de c\u00e9der la participation ...<\/p>\n\t\t<\/div>\n\t\t\n\t\t<a class=\"elementor-post__read-more\" href=\"https:\/\/www.aceswiss.ch\/fr\/grand-resort-bad-ragaz-ag-neu-alleinige-aktionaerin-der-casino-bad-ragaz-ag\/\" aria-label=\"En savoir plus sur Grand Resort Bad Ragaz AG d\u00e9sormais seul actionnaire de Casino Bad Ragaz AG\" tabindex=\"-1\" >\n\t\t\tLire la suite \"\t\t<\/a>\n\n\t\t\t\t<\/div>\n\t\t\t\t\t<\/div>\n\t\t<\/article>\n\t\t\t\t<article class=\"elementor-post elementor-grid-item post-16692 post type-post status-publish format-standard hentry category-unkategorisiert tag-ace-casino-holding-ag tag-casino-admiral-sa tag-casino-locarno-sa tag-casinos-schweiz tag-spielbankenkonzessionen\" role=\"listitem\">\n\t\t\t<div class=\"elementor-post__card\">\n\t\t\t\t<div class=\"elementor-post__text\">\n\t\t\t\t<h3 class=\"elementor-post__title\">\n\t\t\t<a href=\"https:\/\/www.aceswiss.ch\/fr\/casino-interlaken-ag-mit-neuer-eigentuemerstruktur\/\" >\n\t\t\t\tCasino Interlaken AG avec une nouvelle structure de propri\u00e9t\u00e9\t\t\t<\/a>\n\t\t<\/h3>\n\t\t\t\t<div class=\"elementor-post__excerpt\">\n\t\t\t<p>Interlaken et Zurich, le 11 juillet 2023 - Les deux actionnaires de Casino Interlaken AG se sont mis d'accord pour c\u00e9der la part de 18% d\u00e9tenue par ACE SWISS Holding AG \u00e0 Kursaal Interlaken Holding AG.<\/p>\n\t\t<\/div>\n\t\t\n\t\t<a class=\"elementor-post__read-more\" href=\"https:\/\/www.aceswiss.ch\/fr\/casino-interlaken-ag-mit-neuer-eigentuemerstruktur\/\" aria-label=\"En savoir plus sur Casino Interlaken AG avec une nouvelle structure de propri\u00e9t\u00e9\" tabindex=\"-1\" >\n\t\t\tLire la suite \"\t\t<\/a>\n\n\t\t\t\t<\/div>\n\t\t\t\t\t<\/div>\n\t\t<\/article>\n\t\t\t\t<article class=\"elementor-post elementor-grid-item post-16554 post type-post status-publish format-standard hentry category-unkategorisiert tag-ace-casino-holding-ag tag-casino-admiral-sa tag-casino-locarno-sa tag-casinos-schweiz tag-spielbankenkonzessionen\" role=\"listitem\">\n\t\t\t<div class=\"elementor-post__card\">\n\t\t\t\t<div class=\"elementor-post__text\">\n\t\t\t\t<h3 class=\"elementor-post__title\">\n\t\t\t<a href=\"https:\/\/www.aceswiss.ch\/fr\/neues-admiral-casino-wichtiges-puzzleteil-fuer-den-freizeitcluster-st-gallen-west\/\" >\n\t\t\t\tNeues Admiral Casino \u2013 Wichtiges Puzzleteil f\u00fcr den Freizeitcluster St. Gallen-West\t\t\t<\/a>\n\t\t<\/h3>\n\t\t\t\t<div class=\"elementor-post__excerpt\">\n\t\t\t<p>Zurich, le 15 mai 2023 - L'ouest de St-Gall a le potentiel de devenir un p\u00f4le de loisirs avec un nouveau casino comme \u00e9l\u00e9ment cl\u00e9. Le casino pr\u00e9vu aurait de nombreux avantages pour la r\u00e9gion.<\/p>\n\t\t<\/div>\n\t\t\n\t\t<a class=\"elementor-post__read-more\" href=\"https:\/\/www.aceswiss.ch\/fr\/neues-admiral-casino-wichtiges-puzzleteil-fuer-den-freizeitcluster-st-gallen-west\/\" aria-label=\"En savoir plus sur Nouveau casino Admiral - Une pi\u00e8ce importante du puzzle pour le cluster de loisirs de Saint-Gall-Ouest\" tabindex=\"-1\" >\n\t\t\tLire la suite \"\t\t<\/a>\n\n\t\t\t\t<\/div>\n\t\t\t\t\t<\/div>\n\t\t<\/article>\n\t\t\t\t<article class=\"elementor-post elementor-grid-item post-16444 post type-post status-publish format-standard hentry category-unkategorisiert tag-ace-casino-holding-ag tag-casino-admiral-sa tag-casino-locarno-sa tag-casinos-schweiz tag-spielbankenkonzessionen\" role=\"listitem\">\n\t\t\t<div class=\"elementor-post__card\">\n\t\t\t\t<div class=\"elementor-post__text\">\n\t\t\t\t<h3 class=\"elementor-post__title\">\n\t\t\t<a href=\"https:\/\/www.aceswiss.ch\/fr\/casino-locarno-sa-neu-zu-100-im-besitz-der-stadtcasino-baden-ag\/\" >\n\t\t\t\tCasin\u00f2 Locarno SA neu zu 100% im Besitz der Stadtcasino Baden AG\t\t\t<\/a>\n\t\t<\/h3>\n\t\t\t\t<div class=\"elementor-post__excerpt\">\n\t\t\t<p>Z\u00fcrich, 2. Mai 2023 Casin\u00f2 Locarno SA neu zu 100% im Besitz der Stadtcasino Baden AG Die beiden Aktion\u00e4re der Casin\u00f2 Locarno SA haben sich<\/p>\n\t\t<\/div>\n\t\t\n\t\t<a class=\"elementor-post__read-more\" href=\"https:\/\/www.aceswiss.ch\/fr\/casino-locarno-sa-neu-zu-100-im-besitz-der-stadtcasino-baden-ag\/\" aria-label=\"En savoir plus sur Casin\u00f2 Locarno SA d\u00e9sormais d\u00e9tenue \u00e0 100% par Stadtcasino Baden AG\" tabindex=\"-1\" >\n\t\t\tLire la suite \"\t\t<\/a>\n\n\t\t\t\t<\/div>\n\t\t\t\t\t<\/div>\n\t\t<\/article>\n\t\t\t\t<article class=\"elementor-post elementor-grid-item post-16591 post type-post status-publish format-standard hentry category-unkategorisiert tag-ace-casino-holding-ag tag-casino-admiral-sa tag-casino-locarno-sa tag-casinos-schweiz tag-spielbankenkonzessionen\" role=\"listitem\">\n\t\t\t<div class=\"elementor-post__card\">\n\t\t\t\t<div class=\"elementor-post__text\">\n\t\t\t\t<h3 class=\"elementor-post__title\">\n\t\t\t<a href=\"https:\/\/www.aceswiss.ch\/fr\/wie-in-st-gallen-west-ein-attraktiver-freizeitcluster-entstehen-kann\/\" >\n\t\t\t\tWie in St. Gallen-West ein attraktiver Freizeitcluster entstehen kann\t\t\t<\/a>\n\t\t<\/h3>\n\t\t\t\t<div class=\"elementor-post__excerpt\">\n\t\t\t<p>Z\u00fcrich, Mai 2023 Wie in St. Gallen-West ein attraktiver Freizeitcluster entstehen kann Das Gebiet von der Shopping Arena bis zum S\u00e4ntispark in Abtwil, ist auf<\/p>\n\t\t<\/div>\n\t\t\n\t\t<a class=\"elementor-post__read-more\" href=\"https:\/\/www.aceswiss.ch\/fr\/wie-in-st-gallen-west-ein-attraktiver-freizeitcluster-entstehen-kann\/\" aria-label=\"En savoir plus sur Comment cr\u00e9er un p\u00f4le de loisirs attractif dans l&#039;ouest de Saint-Gall\" tabindex=\"-1\" >\n\t\t\tLire la suite \"\t\t<\/a>\n\n\t\t\t\t<\/div>\n\t\t\t\t\t<\/div>\n\t\t<\/article>\n\t\t\t\t<article class=\"elementor-post elementor-grid-item post-16404 post type-post status-publish format-standard hentry category-uncategorized\" role=\"listitem\">\n\t\t\t<div class=\"elementor-post__card\">\n\t\t\t\t<div class=\"elementor-post__text\">\n\t\t\t\t<h3 class=\"elementor-post__title\">\n\t\t\t<a href=\"https:\/\/www.aceswiss.ch\/fr\/ace-swiss-gruppe-going-green-im-casino-admiral-mendrisio\/\" >\n\t\t\t\tACE SWISS Gruppe: Going Green im Casino ADMIRAL Mendrisio\t\t\t<\/a>\n\t\t<\/h3>\n\t\t\t\t<div class=\"elementor-post__excerpt\">\n\t\t\t<p>Z\u00fcrich, 23. Januar 2023 ACE SWISS Gruppe: Going Green im Casino ADMIRAL Mendrisio 23. Januar 2023 \u2013 Die ACE SWISS Gruppe setzt klare Akzente im<\/p>\n\t\t<\/div>\n\t\t\n\t\t<a class=\"elementor-post__read-more\" href=\"https:\/\/www.aceswiss.ch\/fr\/ace-swiss-gruppe-going-green-im-casino-admiral-mendrisio\/\" aria-label=\"En savoir plus sur ACE SWISS Gruppe : Going Green au Casino ADMIRAL de Mendrisio\" tabindex=\"-1\" >\n\t\t\tLire la suite \"\t\t<\/a>\n\n\t\t\t\t<\/div>\n\t\t\t\t\t<\/div>\n\t\t<\/article>\n\t\t\t\t<article class=\"elementor-post elementor-grid-item post-15178 post type-post status-publish format-standard hentry category-unkategorisiert\" role=\"listitem\">\n\t\t\t<div class=\"elementor-post__card\">\n\t\t\t\t<div class=\"elementor-post__text\">\n\t\t\t\t<h3 class=\"elementor-post__title\">\n\t\t\t<a href=\"https:\/\/www.aceswiss.ch\/fr\/casino-konzession-stgallen\/\" >\n\t\t\t\tDie ACE SWISS Gruppe strebt eine Casino-Konzession in St. Gallen an\t\t\t<\/a>\n\t\t<\/h3>\n\t\t\t\t<div class=\"elementor-post__excerpt\">\n\t\t\t<p>Z\u00fcrich, 31. Oktober 2022 Die ACE SWISS Gruppe strebt eine Casino-Konzession in St. Gallen an Z\u00fcrich, 31. Oktober 2022 \u2013 Die ACE SWISS Gruppe beantragt<\/p>\n\t\t<\/div>\n\t\t\n\t\t<a class=\"elementor-post__read-more\" href=\"https:\/\/www.aceswiss.ch\/fr\/casino-konzession-stgallen\/\" aria-label=\"En savoir plus sur Le groupe ACE SWISS vise une concession de casino \u00e0 Saint-Gall\" tabindex=\"-1\" >\n\t\t\tLire la suite \"\t\t<\/a>\n\n\t\t\t\t<\/div>\n\t\t\t\t\t<\/div>\n\t\t<\/article>\n\t\t\t\t<article class=\"elementor-post elementor-grid-item post-14827 post type-post status-publish format-standard hentry category-unkategorisiert tag-ace-swiss-gruppe tag-ace-swiss-holding-ag tag-aktienanteil tag-casino-locarno-sa\" role=\"listitem\">\n\t\t\t<div class=\"elementor-post__card\">\n\t\t\t\t<div class=\"elementor-post__text\">\n\t\t\t\t<h3 class=\"elementor-post__title\">\n\t\t\t<a href=\"https:\/\/www.aceswiss.ch\/fr\/news-verkauf\/\" >\n\t\t\t\tACE SWISS Holding AG verkauft Mehrheitsanteil an Casin\u00f2 Locarno SA\t\t\t<\/a>\n\t\t<\/h3>\n\t\t\t\t<div class=\"elementor-post__excerpt\">\n\t\t\t<p>Z\u00fcrich, 5. September 2022 ACE SWISS Holding AG verkauft Mehrheitsanteil an Casin\u00f2 Locarno SA Die ACE SWISS Gruppe verkauft einen Mehrheitsanteil von 81% an der<\/p>\n\t\t<\/div>\n\t\t\n\t\t<a class=\"elementor-post__read-more\" href=\"https:\/\/www.aceswiss.ch\/fr\/news-verkauf\/\" aria-label=\"En savoir plus sur ACE SWISS Holding AG vend une part majoritaire de Casin\u00f2 Locarno SA\" tabindex=\"-1\" >\n\t\t\tLire la suite \"\t\t<\/a>\n\n\t\t\t\t<\/div>\n\t\t\t\t\t<\/div>\n\t\t<\/article>\n\t\t\t\t<article class=\"elementor-post elementor-grid-item post-14825 post type-post status-publish format-standard hentry category-unkategorisiert tag-ace-casino-holding-ag tag-casino-admiral-sa tag-casino-locarno-sa tag-casinos-schweiz tag-spielbankenkonzessionen\" role=\"listitem\">\n\t\t\t<div class=\"elementor-post__card\">\n\t\t\t\t<div class=\"elementor-post__text\">\n\t\t\t\t<h3 class=\"elementor-post__title\">\n\t\t\t<a href=\"https:\/\/www.aceswiss.ch\/fr\/spielbankenkonzession\/\" >\n\t\t\t\tNeuvergabe Spielbankenkonzessionen\t\t\t<\/a>\n\t\t<\/h3>\n\t\t\t\t<div class=\"elementor-post__excerpt\">\n\t\t\t<p>Z\u00fcrich, 3. Juni 2022 Neuvergabe Spielbankenkonzessionen: Antrag f\u00fcr B-Konzessionen Die beiden Tochtergesellschaften der ACE Casino Holding AG, Casin\u00f2 Admiral SA und Casin\u00f2 Locarno SA beantragen<\/p>\n\t\t<\/div>\n\t\t\n\t\t<a class=\"elementor-post__read-more\" href=\"https:\/\/www.aceswiss.ch\/fr\/spielbankenkonzession\/\" aria-label=\"En savoir plus sur R\u00e9attribution des concessions de maisons de jeu\" tabindex=\"-1\" >\n\t\t\tLire la suite \"\t\t<\/a>\n\n\t\t\t\t<\/div>\n\t\t\t\t\t<\/div>\n\t\t<\/article>\n\t\t\t\t<\/div>\n\t\t\n\t\t\t\t\t\t<\/div>\n\t\t\t\t<\/div>\n\t\t\t\t\t<\/div>\n\t\t<\/div>\n\t\t\t\t\t<\/div>\n\t\t<\/section>\n\t\t\t\t<section class=\"elementor-section elementor-top-section elementor-element elementor-element-50496fb3 elementor-section-boxed elementor-section-height-default elementor-section-height-default\" data-id=\"50496fb3\" data-element_type=\"section\" data-e-type=\"section\" data-settings=\"{&quot;background_background&quot;:&quot;classic&quot;}\">\n\t\t\t\t\t\t\t<div class=\"elementor-background-overlay\"><\/div>\n\t\t\t\t\t\t\t<div class=\"elementor-container elementor-column-gap-default\">\n\t\t\t\t\t<div class=\"elementor-column elementor-col-100 elementor-top-column elementor-element elementor-element-2111a96d\" data-id=\"2111a96d\" data-element_type=\"column\" data-e-type=\"column\">\n\t\t\t<div class=\"elementor-widget-wrap elementor-element-populated\">\n\t\t\t\t\t\t<div class=\"elementor-element elementor-element-1c0ed4fb elementor-widget elementor-widget-heading\" data-id=\"1c0ed4fb\" data-element_type=\"widget\" data-e-type=\"widget\" data-widget_type=\"heading.default\">\n\t\t\t\t<div class=\"elementor-widget-container\">\n\t\t\t\t\t<h3 class=\"elementor-heading-title elementor-size-default\">Contact m\u00e9dias<\/h3>\t\t\t\t<\/div>\n\t\t\t\t<\/div>\n\t\t\t\t<section class=\"elementor-section elementor-inner-section elementor-element elementor-element-49af3bce animated-slow elementor-section-boxed elementor-section-height-default elementor-section-height-default elementor-invisible\" data-id=\"49af3bce\" data-element_type=\"section\" data-e-type=\"section\" data-settings=\"{&quot;background_background&quot;:&quot;classic&quot;,&quot;animation&quot;:&quot;fadeIn&quot;}\">\n\t\t\t\t\t\t<div class=\"elementor-container elementor-column-gap-default\">\n\t\t\t\t\t<div class=\"elementor-column elementor-col-100 elementor-inner-column elementor-element elementor-element-3e97025e\" data-id=\"3e97025e\" data-element_type=\"column\" data-e-type=\"column\" data-settings=\"{&quot;background_background&quot;:&quot;classic&quot;}\">\n\t\t\t<div class=\"elementor-widget-wrap elementor-element-populated\">\n\t\t\t\t\t<div class=\"elementor-background-overlay\"><\/div>\n\t\t\t\t\t\t<div class=\"elementor-element elementor-element-484734c9 elementor-cta--skin-cover elementor-cta--valign-middle elementor-widget elementor-widget-call-to-action\" data-id=\"484734c9\" data-element_type=\"widget\" data-e-type=\"widget\" data-widget_type=\"call-to-action.default\">\n\t\t\t\t<div class=\"elementor-widget-container\">\n\t\t\t\t\t\t\t<div class=\"elementor-cta\">\n\t\t\t\t\t<div class=\"elementor-cta__bg-wrapper\">\n\t\t\t\t<div class=\"elementor-cta__bg elementor-bg\" style=\"background-image: url();\" role=\"img\" aria-label=\"\"><\/div>\n\t\t\t\t<div class=\"elementor-cta__bg-overlay\"><\/div>\n\t\t\t<\/div>\n\t\t\t\t\t\t\t<div class=\"elementor-cta__content\">\n\t\t\t\t\t\t\t\t\t<div class=\"elementor-content-item elementor-cta__content-item elementor-icon-wrapper elementor-cta__icon elementor-view-default\">\n\t\t\t\t\t\t<div class=\"elementor-icon\">\n\t\t\t\t\t\t\t<i aria-hidden=\"true\" class=\"far fa-newspaper\"><\/i>\t\t\t\t\t\t<\/div>\n\t\t\t\t\t<\/div>\n\t\t\t\t\n\t\t\t\t\t\t\t\t\t<h2 class=\"elementor-cta__title elementor-cta__content-item elementor-content-item\">\n\t\t\t\t\t\tDemandes des journalistes\t\t\t\t\t<\/h2>\n\t\t\t\t\n\t\t\t\t\t\t\t\t\t<div class=\"elementor-cta__description elementor-cta__content-item elementor-content-item\">\n\t\t\t\t\t\tLe groupe ACE SWISS se tient volontiers \u00e0 votre disposition pour de plus amples renseignements.\t\t\t\t\t<\/div>\n\t\t\t\t\n\t\t\t\t\t\t\t\t\t<div class=\"elementor-cta__button-wrapper elementor-cta__content-item elementor-content-item\">\n\t\t\t\t\t<a class=\"elementor-cta__button elementor-button elementor-size-\" href=\"https:\/\/www.aceswiss.ch\/fr\/medien\/medien-kontakt\/\">\n\t\t\t\t\t\tContact m\u00e9dias\t\t\t\t\t<\/a>\n\t\t\t\t\t<\/div>\n\t\t\t\t\t\t\t<\/div>\n\t\t\t\t\t\t<\/div>\n\t\t\t\t\t\t<\/div>\n\t\t\t\t<\/div>\n\t\t\t\t\t<\/div>\n\t\t<\/div>\n\t\t\t\t\t<\/div>\n\t\t<\/section>\n\t\t\t\t\t<\/div>\n\t\t<\/div>\n\t\t\t\t\t<\/div>\n\t\t<\/section>\n\t\t\t\t<\/div>","protected":false},"excerpt":{"rendered":"<p>Communiqu\u00e9s de presse Contact m\u00e9dias Demandes des journalistes Si vous souhaitez obtenir des informations de premi\u00e8re main et conna\u00eetre les tenants et aboutissants, le groupe ACE SWISS se tient volontiers \u00e0 votre disposition. Contact m\u00e9dias<\/p>","protected":false},"author":1,"featured_media":0,"parent":14866,"menu_order":2,"comment_status":"closed","ping_status":"closed","template":"","meta":{"_seopress_robots_primary_cat":"","_seopress_titles_title":"Medienmitteilungen der ACE SWISS Holding AG","_seopress_titles_desc":"","_seopress_robots_index":"","_themeisle_gutenberg_block_has_review":false,"footnotes":""},"folder":[],"class_list":["post-15116","page","type-page","status-publish","hentry"],"_links":{"self":[{"href":"https:\/\/www.aceswiss.ch\/fr\/wp-json\/wp\/v2\/pages\/15116","targetHints":{"allow":["GET"]}}],"collection":[{"href":"https:\/\/www.aceswiss.ch\/fr\/wp-json\/wp\/v2\/pages"}],"about":[{"href":"https:\/\/www.aceswiss.ch\/fr\/wp-json\/wp\/v2\/types\/page"}],"author":[{"embeddable":true,"href":"https:\/\/www.aceswiss.ch\/fr\/wp-json\/wp\/v2\/users\/1"}],"replies":[{"embeddable":true,"href":"https:\/\/www.aceswiss.ch\/fr\/wp-json\/wp\/v2\/comments?post=15116"}],"version-history":[{"count":10,"href":"https:\/\/www.aceswiss.ch\/fr\/wp-json\/wp\/v2\/pages\/15116\/revisions"}],"predecessor-version":[{"id":17112,"href":"https:\/\/www.aceswiss.ch\/fr\/wp-json\/wp\/v2\/pages\/15116\/revisions\/17112"}],"up":[{"embeddable":true,"href":"https:\/\/www.aceswiss.ch\/fr\/wp-json\/wp\/v2\/pages\/14866"}],"wp:attachment":[{"href":"https:\/\/www.aceswiss.ch\/fr\/wp-json\/wp\/v2\/media?parent=15116"}],"wp:term":[{"taxonomy":"folder","embeddable":true,"href":"https:\/\/www.aceswiss.ch\/fr\/wp-json\/wp\/v2\/folder?post=15116"}],"curies":[{"name":"wp","href":"https:\/\/api.w.org\/{rel}","templated":true}]}}